{"id":3423,"date":"2022-09-22T11:39:34","date_gmt":"2022-09-22T11:39:34","guid":{"rendered":"https:\/\/supremoconselhoportugal.pt\/?page_id=3423"},"modified":"2022-09-27T11:25:05","modified_gmt":"2022-09-27T11:25:05","slug":"rito-e-rituais","status":"publish","type":"page","link":"https:\/\/supremoconselhoportugal.pt\/index.php\/o-rito\/rito-e-rituais\/","title":{"rendered":"Rito e rituais"},"content":{"rendered":"<div  class=\"avia-animated-number av-l8czc4s8-d4bcaa9919fe1ad6771308bc875c2a3c av-force-default-color avia_animate_when_visible  avia-builder-el-0  el_before_av_textblock  avia-builder-el-first  \" data-timer=\"3000\"><strong class=\"heading avia-animated-number-title\"><span class=\"avia-no-number\">Rito e Rituais<\/span><\/strong><div class=\"avia-animated-number-content\"><\/div><\/div>\n<section  class='av_textblock_section av-l8cz6mfr-1f4386f0839150deea26677b73134cc3'  itemscope=\"itemscope\" itemtype=\"https:\/\/schema.org\/CreativeWork\" ><div class='avia_textblock'  itemprop=\"text\" ><p style=\"font-weight: 400;\">As palavras rito e ritual s\u00e3o frequentemente usadas uma em vez da outra. Vemos um exemplo gritante disso nos pares \u00abrito moderno\u00bb e \u00abrito antigo\u00bb. Na verdade, s\u00e3o rituais em uso nos tr\u00eas graus simb\u00f3licos da Ma\u00e7onaria. A ordem desses tr\u00eas graus nunca foi alterada, mas foram feitas altera\u00e7\u00f5es no conte\u00fado de cada um dos rituais. \u00abEsta observa\u00e7\u00e3o aplica-se\u00a0tamb\u00e9m ao Rito de Emula\u00e7\u00e3o, que a Ma\u00e7onaria inglesa designa como &#8220;Emulation working&#8221;, que pode ser traduzido como \u00bb\u00abcomo trabalhar\u00bb\u00ab ou melhor \u00bb\u00abestilo\u00bb\u00ab, que corresponde a ritual em vez de rito &#8230;\u00bb<\/p>\n<p style=\"font-weight: 400;\">As express\u00f5es Rito Franc\u00eas, REAA, Rito Escoc\u00eas Retificado&#8230; s\u00e3o justificadas, aplicam-se a sucess\u00f5es de graus, a diferentes nomenclaturas. Cada rito fez uma escolha na ordem e no t\u00edtulo dos graus al\u00e9m da patente de Mestre. Por outro lado, cada grau \u00e9 praticado de acordo com um ritual e \u00e9 o ritual que modela o ma\u00e7on.<\/p>\n<p style=\"font-weight: 400;\">Algu\u00e9m que pode considerar um dia perguntar ao profano que deseja entrar na Ma\u00e7onaria, qual rito que melhor se adapta \u00e0 sua personalidade? Responder a esta pergunta implica um pr\u00e9-requisito: que tenhamos compreendido o rito em que estamos a trabalhar, mas tamb\u00e9m o que difere os ritos mais comuns na Europa. Muito bom tema de pesquisa e reflex\u00e3o para todos n\u00f3s.<\/p>\n<p style=\"font-weight: 400;\">Bibliografia sum\u00e1ria:<\/p>\n<ul>\n<li><i>1804-2004 Two centuries of the Ancient and Accepted Scottish Rite in France<\/i>, Editions Dervy, 2004.<\/li>\n<li style=\"font-weight: 400;\">The Ancient and Accepet Scottish Rite : a historical retrospect, two centuries later, Colloque International, Sources, 31 ao\u00fbt 2004.<\/li>\n<li style=\"font-weight: 400;\">Pierre No\u00ebl, A Guide for Scots Masters. A Edinbourg 58.The blue degrees of the AASR : genesis and development, A l\u2019Orient, 2006.<\/li>\n<li style=\"font-weight: 400;\">Pierre Mollier, The Mason\u2019s Regulator 1785\/1801- The definite foundation of the French Rite degrees : history and documents, A l\u2019Orient, 2006.<\/li>\n<li style=\"font-weight: 400;\">Freemasonry : basic documents, L\u2019Herne, 1992.<\/li>\n<\/ul>\n<\/div><\/section>\n","protected":false},"excerpt":{"rendered":"","protected":false},"author":1,"featured_media":0,"parent":3417,"menu_order":0,"comment_status":"closed","ping_status":"closed","template":"","meta":{"_monsterinsights_skip_tracking":false,"_monsterinsights_sitenote_active":false,"_monsterinsights_sitenote_note":"","_monsterinsights_sitenote_category":0,"footnotes":""},"class_list":["post-3423","page","type-page","status-publish","hentry"],"aioseo_notices":[],"_links":{"self":[{"href":"https:\/\/supremoconselhoportugal.pt\/index.php\/wp-json\/wp\/v2\/pages\/3423","targetHints":{"allow":["GET"]}}],"collection":[{"href":"https:\/\/supremoconselhoportugal.pt\/index.php\/wp-json\/wp\/v2\/pages"}],"about":[{"href":"https:\/\/supremoconselhoportugal.pt\/index.php\/wp-json\/wp\/v2\/types\/page"}],"author":[{"embeddable":true,"href":"https:\/\/supremoconselhoportugal.pt\/index.php\/wp-json\/wp\/v2\/users\/1"}],"replies":[{"embeddable":true,"href":"https:\/\/supremoconselhoportugal.pt\/index.php\/wp-json\/wp\/v2\/comments?post=3423"}],"version-history":[{"count":11,"href":"https:\/\/supremoconselhoportugal.pt\/index.php\/wp-json\/wp\/v2\/pages\/3423\/revisions"}],"predecessor-version":[{"id":3593,"href":"https:\/\/supremoconselhoportugal.pt\/index.php\/wp-json\/wp\/v2\/pages\/3423\/revisions\/3593"}],"up":[{"embeddable":true,"href":"https:\/\/supremoconselhoportugal.pt\/index.php\/wp-json\/wp\/v2\/pages\/3417"}],"wp:attachment":[{"href":"https:\/\/supremoconselhoportugal.pt\/index.php\/wp-json\/wp\/v2\/media?parent=3423"}],"curies":[{"name":"wp","href":"https:\/\/api.w.org\/{rel}","templated":true}]}}