{"id":3434,"date":"2022-09-22T11:47:43","date_gmt":"2022-09-22T11:47:43","guid":{"rendered":"https:\/\/supremoconselhoportugal.pt\/?page_id=3434"},"modified":"2022-09-27T11:28:08","modified_gmt":"2022-09-27T11:28:08","slug":"rito-morin","status":"publish","type":"page","link":"https:\/\/supremoconselhoportugal.pt\/index.php\/o-rito\/rito-morin\/","title":{"rendered":"Rito Morin"},"content":{"rendered":"\n<style type=\"text\/css\" data-created_by=\"avia_inline_auto\" id=\"style-css-av-l8czp5k7-6b295e759a73acb72f6e63df95deef3c\">\n#top .av-special-heading.av-l8czp5k7-6b295e759a73acb72f6e63df95deef3c{\npadding-bottom:10px;\n}\nbody .av-special-heading.av-l8czp5k7-6b295e759a73acb72f6e63df95deef3c .av-special-heading-tag .heading-char{\nfont-size:25px;\n}\n.av-special-heading.av-l8czp5k7-6b295e759a73acb72f6e63df95deef3c .av-subheading{\nfont-size:15px;\n}\n<\/style>\n<div  class='av-special-heading av-l8czp5k7-6b295e759a73acb72f6e63df95deef3c av-special-heading-h3 blockquote modern-quote modern-centered  avia-builder-el-0  el_before_av_textblock  avia-builder-el-first '><h3 class='av-special-heading-tag'  itemprop=\"headline\"  >Rito Morin<\/h3><div class='av-subheading av-subheading_below'><p>Os Escoceses de Perfei\u00e7\u00e3o<\/p>\n<\/div><div class=\"special-heading-border\"><div class=\"special-heading-inner-border\"><\/div><\/div><\/div>\n<section  class='av_textblock_section av-l8czos2c-507cfb11c815bc2610ffbaecc3f70b57'  itemscope=\"itemscope\" itemtype=\"https:\/\/schema.org\/CreativeWork\" ><div class='avia_textblock'  itemprop=\"text\" ><p>Um comerciante de Bordeaux, Etienne Morin, que viaja entre a metr\u00f3pole e as ilhas francesas da Am\u00e9rica, contribui para dar amplitude ao sistema <i>escoc\u00eas de Perfei\u00e7\u00e3o <\/i>de 24 graus (3 graus simb\u00f3licos + 21), levando-o para Saint Domingue por volta de 1750. Dez anos depois, Etienne Morin, retorna a Paris e participa da reorganiza\u00e7\u00e3o da Grande Loja da Fran\u00e7a. Em 1761, obt\u00e9m desta Grande Loja uma patente, que conhecida sob a denomina\u00e7\u00e3o de \u00abPatente Morin\u00bb, levanta bastantes problemas aos historiadores de hoje. Esta patente autoriza-o a propagar a Ma\u00e7onaria na Am\u00e9rica do Norte, tal como \u00e9 praticada em Paris. De volta a Saint-Domingue em 1763, Etienne Morin consagra-se at\u00e9 \u00e0 sua morte em 1771, em colabora\u00e7\u00e3o com Henry Franken, \u00e0 difus\u00e3o da ma\u00e7onaria de perfei\u00e7\u00e3o na Jamaica e na Louisiana, sob a forma de um sistema de 25 graus, ao qual d\u00e1 o nome de <i>Ordem do Real Segredo <\/i>(ao sistema dos 24 graus praticado na Fran\u00e7a Morin acrescenta um grau final de Principe do Real Segredo)<\/p>\n<p>Os ma\u00e7ons que chegaram da Fran\u00e7a para a Am\u00e9rica do Norte encontram ma\u00e7ons ingleses, escoceses e irlandeses, alguns dos quais praticam um ritual de loja simb\u00f3lica diferente do seu e que \u00e9 designado pelo atributo de <i>Antigo<\/i>. Evocar estes rituais obriga-nos a regressar \u00e0 Inglaterra, para evocar a evolu\u00e7\u00e3o da franco-ma\u00e7onaria no seu pa\u00eds de origem.<\/p>\n<\/div><\/section>\n","protected":false},"excerpt":{"rendered":"","protected":false},"author":1,"featured_media":0,"parent":3417,"menu_order":0,"comment_status":"closed","ping_status":"closed","template":"","meta":{"_monsterinsights_skip_tracking":false,"_monsterinsights_sitenote_active":false,"_monsterinsights_sitenote_note":"","_monsterinsights_sitenote_category":0,"footnotes":""},"class_list":["post-3434","page","type-page","status-publish","hentry"],"aioseo_notices":[],"_links":{"self":[{"href":"https:\/\/supremoconselhoportugal.pt\/index.php\/wp-json\/wp\/v2\/pages\/3434","targetHints":{"allow":["GET"]}}],"collection":[{"href":"https:\/\/supremoconselhoportugal.pt\/index.php\/wp-json\/wp\/v2\/pages"}],"about":[{"href":"https:\/\/supremoconselhoportugal.pt\/index.php\/wp-json\/wp\/v2\/types\/page"}],"author":[{"embeddable":true,"href":"https:\/\/supremoconselhoportugal.pt\/index.php\/wp-json\/wp\/v2\/users\/1"}],"replies":[{"embeddable":true,"href":"https:\/\/supremoconselhoportugal.pt\/index.php\/wp-json\/wp\/v2\/comments?post=3434"}],"version-history":[{"count":6,"href":"https:\/\/supremoconselhoportugal.pt\/index.php\/wp-json\/wp\/v2\/pages\/3434\/revisions"}],"predecessor-version":[{"id":3595,"href":"https:\/\/supremoconselhoportugal.pt\/index.php\/wp-json\/wp\/v2\/pages\/3434\/revisions\/3595"}],"up":[{"embeddable":true,"href":"https:\/\/supremoconselhoportugal.pt\/index.php\/wp-json\/wp\/v2\/pages\/3417"}],"wp:attachment":[{"href":"https:\/\/supremoconselhoportugal.pt\/index.php\/wp-json\/wp\/v2\/media?parent=3434"}],"curies":[{"name":"wp","href":"https:\/\/api.w.org\/{rel}","templated":true}]}}