{"id":3612,"date":"2022-10-13T11:22:25","date_gmt":"2022-10-13T11:22:25","guid":{"rendered":"https:\/\/supremoconselhoportugal.pt\/?page_id=3612"},"modified":"2022-10-13T11:22:25","modified_gmt":"2022-10-13T11:22:25","slug":"documentos","status":"publish","type":"page","link":"https:\/\/supremoconselhoportugal.pt\/index.php\/documentos\/","title":{"rendered":"Documentos"},"content":{"rendered":"<div id='av-masonry-1' class='av-masonry av-l96yqkat-14d975b5ad9384758442257e7726afe7 noHover av-fixed-size av-1px-gap av-hover-overlay-active av-masonry-animation-active av-masonry-col-flexible av-caption-always av-caption-style- av-masonry-entries '><div class=\"av-masonry-container isotope av-js-disabled\"><div class='av-masonry-entry isotope-item av-masonry-item-no-image all_sort documentos-maconicos_sort '><\/div><a href=\"https:\/\/supremoconselhoportugal.pt\/index.php\/2025\/11\/19\/o-supremo-conselho-misto-de-portugal-assinou-o-tratado-de-amizade-e-reconhecimento-mutuo-com-o-supremo-conselho-do-rito-escoces-antigo-e-aceite-pax-opera\/\"  id='av-masonry-1-item-3795' data-av-masonry-item='3795' class='av-masonry-entry isotope-item post-3795 post type-post status-publish format-standard has-post-thumbnail hentry category-documentos-maconicos tag-maconaria tag-rito-escoces-antigo-e-aceite tag-supremo-conselho-de-portugal tag-supremo-conselho-portugal all_sort documentos-maconicos_sort  av-masonry-item-with-image av-grid-img' title=\"O Supremo Conselho Misto de Portugal assinou o Tratado de Amizade e reconhecimento m\u00fatuo com o Supremo Conselho do Rito Esco\u00e7\u00eas Antigo e Aceite Pax \u00d3pera\"  itemscope=\"itemscope\" itemtype=\"https:\/\/schema.org\/CreativeWork\" ><div class='av-inner-masonry-sizer'><\/div><figure class='av-inner-masonry main_color'><div class=\"av-masonry-outerimage-container\"><div class='av-masonry-image-container' style=\"background-image: url(https:\/\/supremoconselhoportugal.pt\/wp-content\/uploads\/2025\/11\/IMG_6716-705x674.jpeg);\"  title=\"O Supremo Conselho Misto de Portugal assinou o Tratado de Amizade e reconhecimento m\u00fatuo com o Supremo Conselho do Rito Esco\u00e7\u00eas Antigo e Aceite Pax \u00d3pera\"   alt=\"O Supremo Conselho Misto de Portugal assinou o Tratado de Amizade e reconhecimento m\u00fatuo com o Supremo Conselho do Rito Esco\u00e7\u00eas Antigo e Aceite Pax \u00d3pera\" ><\/div><\/div><figcaption class='av-inner-masonry-content site-background'><div class='av-inner-masonry-content-pos'><div class='av-inner-masonry-content-pos-content'><div class='avia-arrow'><\/div><h3 class='av-masonry-entry-title entry-title '  itemprop=\"headline\" >O Supremo Conselho Misto de Portugal\u00a0assinou o Tratado de Amizade e reconhecimento m\u00fatuo com o Supremo Conselho do Rito Esco\u00e7\u00eas Antigo e Aceite Pax \u00d3pera<\/h3><span class='av-masonry-date meta-color updated'>Novembro 19, 2025<\/span><span class=\"av-masonry-text-sep text-sep-author\">\/<\/span><span class='av-masonry-author meta-color author'><span class='fn'>by admin<\/span><\/span><\/div><\/div><\/figcaption><\/figure><\/a><!--end av-masonry entry--><a href=\"https:\/\/supremoconselhoportugal.pt\/index.php\/2022\/10\/13\/ex-tenebris\/\"  id='av-masonry-1-item-3716' data-av-masonry-item='3716' class='av-masonry-entry isotope-item post-3716 post type-post status-publish format-standard hentry category-documentos-maconicos all_sort documentos-maconicos_sort  av-masonry-item-no-image' title=\"EX TENEBRIS\"  itemscope=\"itemscope\" itemtype=\"https:\/\/schema.org\/CreativeWork\" ><div class='av-inner-masonry-sizer'><\/div><figure class='av-inner-masonry main_color'><figcaption class='av-inner-masonry-content site-background'><div class='av-inner-masonry-content-pos'><div class='av-inner-masonry-content-pos-content'><div class='avia-arrow'><\/div><h3 class='av-masonry-entry-title entry-title '  itemprop=\"headline\" >EX TENEBRIS<\/h3><span class='av-masonry-date meta-color updated'>Outubro 13, 2022<\/span><span class=\"av-masonry-text-sep text-sep-author\">\/<\/span><span class='av-masonry-author meta-color author'><span class='fn'>by admin<\/span><\/span><\/div><\/div><\/figcaption><\/figure><\/a><!--end av-masonry entry--><a href=\"https:\/\/supremoconselhoportugal.pt\/index.php\/2022\/10\/13\/tenant-leurs-scances\/\"  id='av-masonry-1-item-3718' data-av-masonry-item='3718' class='av-masonry-entry isotope-item post-3718 post type-post status-publish format-standard hentry category-documentos-maconicos all_sort documentos-maconicos_sort  av-masonry-item-no-image' title=\"Tenant Leurs Scances\"  itemscope=\"itemscope\" itemtype=\"https:\/\/schema.org\/CreativeWork\" ><div class='av-inner-masonry-sizer'><\/div><figure class='av-inner-masonry main_color'><figcaption class='av-inner-masonry-content site-background'><div class='av-inner-masonry-content-pos'><div class='av-inner-masonry-content-pos-content'><div class='avia-arrow'><\/div><h3 class='av-masonry-entry-title entry-title '  itemprop=\"headline\" >Tenant Leurs Scances<\/h3><span class='av-masonry-date meta-color updated'>Outubro 13, 2022<\/span><span class=\"av-masonry-text-sep text-sep-author\">\/<\/span><span class='av-masonry-author meta-color author'><span class='fn'>by admin<\/span><\/span><\/div><\/div><\/figcaption><\/figure><\/a><!--end av-masonry entry--><a href=\"https:\/\/supremoconselhoportugal.pt\/index.php\/2022\/10\/13\/premiere-attestation-dun-haut-grade-chevaleresque-ecossais\/\"  id='av-masonry-1-item-3720' data-av-masonry-item='3720' class='av-masonry-entry isotope-item post-3720 post type-post status-publish format-standard hentry category-documentos-maconicos all_sort documentos-maconicos_sort  av-masonry-item-no-image' title=\"PREMI\u00c8RE ATTESTATION D\u2019UN HAUT GRADE CHEVALERESQUE \u00ab \u00c9COSSAIS \u00bb\"  itemscope=\"itemscope\" itemtype=\"https:\/\/schema.org\/CreativeWork\" ><div class='av-inner-masonry-sizer'><\/div><figure class='av-inner-masonry main_color'><figcaption class='av-inner-masonry-content site-background'><div class='av-inner-masonry-content-pos'><div class='av-inner-masonry-content-pos-content'><div class='avia-arrow'><\/div><h3 class='av-masonry-entry-title entry-title '  itemprop=\"headline\" >PREMI\u00c8RE ATTESTATION D\u2019UN HAUT GRADE CHEVALERESQUE \u00ab \u00c9COSSAIS \u00bb<\/h3><span class='av-masonry-date meta-color updated'>Outubro 13, 2022<\/span><span class=\"av-masonry-text-sep text-sep-author\">\/<\/span><span class='av-masonry-author meta-color author'><span class='fn'>by admin<\/span><\/span><\/div><\/div><\/figcaption><\/figure><\/a><!--end av-masonry entry--><a href=\"https:\/\/supremoconselhoportugal.pt\/index.php\/2022\/10\/13\/le-grade-de-maitre-ecossais-en-1743\/\"  id='av-masonry-1-item-3722' data-av-masonry-item='3722' class='av-masonry-entry isotope-item post-3722 post type-post status-publish format-standard hentry category-documentos-maconicos all_sort documentos-maconicos_sort  av-masonry-item-no-image' title=\"LE GRADE DE MA\u00cfTRE \u00c9COSSAIS EN 1743\"  itemscope=\"itemscope\" itemtype=\"https:\/\/schema.org\/CreativeWork\" ><div class='av-inner-masonry-sizer'><\/div><figure class='av-inner-masonry main_color'><figcaption class='av-inner-masonry-content site-background'><div class='av-inner-masonry-content-pos'><div class='av-inner-masonry-content-pos-content'><div class='avia-arrow'><\/div><h3 class='av-masonry-entry-title entry-title '  itemprop=\"headline\" >LE GRADE DE MA\u00cfTRE \u00c9COSSAIS EN 1743<\/h3><span class='av-masonry-date meta-color updated'>Outubro 13, 2022<\/span><span class=\"av-masonry-text-sep text-sep-author\">\/<\/span><span class='av-masonry-author meta-color author'><span class='fn'>by admin<\/span><\/span><\/div><\/div><\/figcaption><\/figure><\/a><!--end av-masonry entry--><a href=\"https:\/\/supremoconselhoportugal.pt\/index.php\/2022\/10\/13\/proces-verbal-de-la-premiere-reunion-des-inspecteurs-generaux-grand-officiers-de-la-maconnerie\/\"  id='av-masonry-1-item-3714' data-av-masonry-item='3714' class='av-masonry-entry isotope-item post-3714 post type-post status-publish format-standard hentry category-documentos-maconicos all_sort documentos-maconicos_sort  av-masonry-item-no-image' title=\"PROC\u00c8S-VERBAL DE LA PREMI\u00c8RE R\u00c9UNION DES \u2022 INSPECTEURS G\u00c9N\u00c9RAUX GRAND OFFICIERS DE LA MACONNERIE\"  itemscope=\"itemscope\" itemtype=\"https:\/\/schema.org\/CreativeWork\" ><div class='av-inner-masonry-sizer'><\/div><figure class='av-inner-masonry main_color'><figcaption class='av-inner-masonry-content site-background'><div class='av-inner-masonry-content-pos'><div class='av-inner-masonry-content-pos-content'><div class='avia-arrow'><\/div><h3 class='av-masonry-entry-title entry-title '  itemprop=\"headline\" >PROC\u00c8S-VERBAL DE LA PREMI\u00c8RE R\u00c9UNION DES \u2022 INSPECTEURS G\u00c9N\u00c9RAUX GRAND OFFICIERS DE LA MACONNERIE<\/h3><span class='av-masonry-date meta-color updated'>Outubro 13, 2022<\/span><span class=\"av-masonry-text-sep text-sep-author\">\/<\/span><span class='av-masonry-author meta-color author'><span class='fn'>by admin<\/span><\/span><\/div><\/div><\/figcaption><\/figure><\/a><!--end av-masonry entry--><a href=\"https:\/\/supremoconselhoportugal.pt\/index.php\/2022\/10\/13\/delivre-par-le-supreme-conseil-de-france-le-29-septembre-1821\/\"  id='av-masonry-1-item-3708' data-av-masonry-item='3708' class='av-masonry-entry isotope-item post-3708 post type-post status-publish format-standard hentry category-documentos-maconicos all_sort documentos-maconicos_sort  av-masonry-item-no-image' title=\"D\u00c9LIVR\u00c9 PAR LE SUPR\u00caME CONSEIL DE FRANCE, LE 29 SEPTEMBRE 1821\"  itemscope=\"itemscope\" itemtype=\"https:\/\/schema.org\/CreativeWork\" ><div class='av-inner-masonry-sizer'><\/div><figure class='av-inner-masonry main_color'><figcaption class='av-inner-masonry-content site-background'><div class='av-inner-masonry-content-pos'><div class='av-inner-masonry-content-pos-content'><div class='avia-arrow'><\/div><h3 class='av-masonry-entry-title entry-title '  itemprop=\"headline\" >D\u00c9LIVR\u00c9 PAR LE SUPR\u00caME CONSEIL DE FRANCE, LE 29 SEPTEMBRE 1821<\/h3><span class='av-masonry-date meta-color updated'>Outubro 13, 2022<\/span><span class=\"av-masonry-text-sep text-sep-author\">\/<\/span><span class='av-masonry-author meta-color author'><span class='fn'>by admin<\/span><\/span><\/div><\/div><\/figcaption><\/figure><\/a><!--end av-masonry entry--><a href=\"https:\/\/supremoconselhoportugal.pt\/index.php\/2022\/10\/13\/diplome-de-prince-du-royal-secret-32-degre\/\"  id='av-masonry-1-item-3710' data-av-masonry-item='3710' class='av-masonry-entry isotope-item post-3710 post type-post status-publish format-standard hentry category-documentos-maconicos all_sort documentos-maconicos_sort  av-masonry-item-no-image' title=\"DIPL\u00d4ME DE PRINCE DU ROYAL SECRET. 32\u2022 DEGR\u00c9\"  itemscope=\"itemscope\" itemtype=\"https:\/\/schema.org\/CreativeWork\" ><div class='av-inner-masonry-sizer'><\/div><figure class='av-inner-masonry main_color'><figcaption class='av-inner-masonry-content site-background'><div class='av-inner-masonry-content-pos'><div class='av-inner-masonry-content-pos-content'><div class='avia-arrow'><\/div><h3 class='av-masonry-entry-title entry-title '  itemprop=\"headline\" >DIPL\u00d4ME DE PRINCE DU ROYAL SECRET. 32\u2022 DEGR\u00c9<\/h3><span class='av-masonry-date meta-color updated'>Outubro 13, 2022<\/span><span class=\"av-masonry-text-sep text-sep-author\">\/<\/span><span class='av-masonry-author meta-color author'><span class='fn'>by admin<\/span><\/span><\/div><\/div><\/figcaption><\/figure><\/a><!--end av-masonry entry--><a href=\"https:\/\/supremoconselhoportugal.pt\/index.php\/2022\/10\/13\/de-lecossisme\/\"  id='av-masonry-1-item-3712' data-av-masonry-item='3712' class='av-masonry-entry isotope-item post-3712 post type-post status-publish format-standard hentry category-documentos-maconicos all_sort documentos-maconicos_sort  av-masonry-item-no-image' title=\"DE L\u2019\u00c9COSSISME\"  itemscope=\"itemscope\" itemtype=\"https:\/\/schema.org\/CreativeWork\" ><div class='av-inner-masonry-sizer'><\/div><figure class='av-inner-masonry main_color'><figcaption class='av-inner-masonry-content site-background'><div class='av-inner-masonry-content-pos'><div class='av-inner-masonry-content-pos-content'><div class='avia-arrow'><\/div><h3 class='av-masonry-entry-title entry-title '  itemprop=\"headline\" >DE L\u2019\u00c9COSSISME<\/h3><span class='av-masonry-date meta-color updated'>Outubro 13, 2022<\/span><span class=\"av-masonry-text-sep text-sep-author\">\/<\/span><span class='av-masonry-author meta-color author'><span class='fn'>by admin<\/span><\/span><\/div><\/div><\/figcaption><\/figure><\/a><!--end av-masonry entry--><a href=\"https:\/\/supremoconselhoportugal.pt\/index.php\/2022\/10\/13\/varietur\/\"  id='av-masonry-1-item-3706' data-av-masonry-item='3706' class='av-masonry-entry isotope-item post-3706 post type-post status-publish format-standard hentry category-documentos-maconicos all_sort documentos-maconicos_sort  av-masonry-item-no-image' title=\"VARIETUR\"  itemscope=\"itemscope\" itemtype=\"https:\/\/schema.org\/CreativeWork\" ><div class='av-inner-masonry-sizer'><\/div><figure class='av-inner-masonry main_color'><figcaption class='av-inner-masonry-content site-background'><div class='av-inner-masonry-content-pos'><div class='av-inner-masonry-content-pos-content'><div class='avia-arrow'><\/div><h3 class='av-masonry-entry-title entry-title '  itemprop=\"headline\" >VARIETUR<\/h3><span class='av-masonry-date meta-color updated'>Outubro 13, 2022<\/span><span class=\"av-masonry-text-sep text-sep-author\">\/<\/span><span class='av-masonry-author meta-color author'><span class='fn'>by admin<\/span><\/span><\/div><\/div><\/figcaption><\/figure><\/a><!--end av-masonry entry--><\/div><\/div>\n","protected":false},"excerpt":{"rendered":"","protected":false},"author":1,"featured_media":0,"parent":0,"menu_order":0,"comment_status":"closed","ping_status":"closed","template":"","meta":{"_monsterinsights_skip_tracking":false,"_monsterinsights_sitenote_active":false,"_monsterinsights_sitenote_note":"","_monsterinsights_sitenote_category":0,"footnotes":""},"class_list":["post-3612","page","type-page","status-publish","hentry"],"aioseo_notices":[],"_links":{"self":[{"href":"https:\/\/supremoconselhoportugal.pt\/index.php\/wp-json\/wp\/v2\/pages\/3612","targetHints":{"allow":["GET"]}}],"collection":[{"href":"https:\/\/supremoconselhoportugal.pt\/index.php\/wp-json\/wp\/v2\/pages"}],"about":[{"href":"https:\/\/supremoconselhoportugal.pt\/index.php\/wp-json\/wp\/v2\/types\/page"}],"author":[{"embeddable":true,"href":"https:\/\/supremoconselhoportugal.pt\/index.php\/wp-json\/wp\/v2\/users\/1"}],"replies":[{"embeddable":true,"href":"https:\/\/supremoconselhoportugal.pt\/index.php\/wp-json\/wp\/v2\/comments?post=3612"}],"version-history":[{"count":12,"href":"https:\/\/supremoconselhoportugal.pt\/index.php\/wp-json\/wp\/v2\/pages\/3612\/revisions"}],"predecessor-version":[{"id":3732,"href":"https:\/\/supremoconselhoportugal.pt\/index.php\/wp-json\/wp\/v2\/pages\/3612\/revisions\/3732"}],"wp:attachment":[{"href":"https:\/\/supremoconselhoportugal.pt\/index.php\/wp-json\/wp\/v2\/media?parent=3612"}],"curies":[{"name":"wp","href":"https:\/\/api.w.org\/{rel}","templated":true}]}}